{"id":22133,"date":"2022-03-30T11:39:51","date_gmt":"2022-03-30T09:39:51","guid":{"rendered":"https:\/\/zaklad.biotechnologii.medycznej.uwr.edu.pl\/?page_id=22133"},"modified":"2024-05-28T11:06:25","modified_gmt":"2024-05-28T09:06:25","slug":"mapa-strony","status":"publish","type":"page","link":"https:\/\/zaklad.biotechnologii.medycznej.uwr.edu.pl\/pl\/mapa-strony\/","title":{"rendered":"Mapa Strony"},"content":{"rendered":"\n<div class=\"wp-block-ugb-container ugb-container blok_nowa_podstrona ugb-8dda971 ugb-container--v2 ugb-container--design-plain ugb-main-block\"><div class=\"ugb-inner-block\"><div class=\"ugb-block-content\"><div class=\"ugb-container__wrapper ugb-8dda971-wrapper\"><div class=\"ugb-container__side\"><div class=\"ugb-container__content-wrapper ugb-8dda971-content-wrapper\">\n<div class=\"wp-block-columns bs-news-page is-layout-flex wp-block-columns-is-layout-flex\">\n<div class=\"wp-block-column bs-kontakt-photo is-layout-flow wp-block-column-is-layout-flow\">\n<figure class=\"wp-block-image size-full\"><img loading=\"lazy\" decoding=\"async\" width=\"1920\" height=\"1080\" src=\"https:\/\/zaklad.biotechnologii.medycznej.uwr.edu.pl\/wp-content\/uploads\/sites\/653\/2024\/05\/roadmap.png\" alt=\"mapa\" class=\"wp-image-24010\" srcset=\"https:\/\/zaklad.biotechnologii.medycznej.uwr.edu.pl\/wp-content\/uploads\/sites\/653\/2024\/05\/roadmap.png 1920w, https:\/\/zaklad.biotechnologii.medycznej.uwr.edu.pl\/wp-content\/uploads\/sites\/653\/2024\/05\/roadmap-300x169.png 300w, https:\/\/zaklad.biotechnologii.medycznej.uwr.edu.pl\/wp-content\/uploads\/sites\/653\/2024\/05\/roadmap-1024x576.png 1024w, https:\/\/zaklad.biotechnologii.medycznej.uwr.edu.pl\/wp-content\/uploads\/sites\/653\/2024\/05\/roadmap-768x432.png 768w, https:\/\/zaklad.biotechnologii.medycznej.uwr.edu.pl\/wp-content\/uploads\/sites\/653\/2024\/05\/roadmap-1536x864.png 1536w, https:\/\/zaklad.biotechnologii.medycznej.uwr.edu.pl\/wp-content\/uploads\/sites\/653\/2024\/05\/roadmap-1320x743.png 1320w, https:\/\/zaklad.biotechnologii.medycznej.uwr.edu.pl\/wp-content\/uploads\/sites\/653\/2024\/05\/roadmap-24x14.png 24w, https:\/\/zaklad.biotechnologii.medycznej.uwr.edu.pl\/wp-content\/uploads\/sites\/653\/2024\/05\/roadmap-36x20.png 36w, https:\/\/zaklad.biotechnologii.medycznej.uwr.edu.pl\/wp-content\/uploads\/sites\/653\/2024\/05\/roadmap-48x27.png 48w\" sizes=\"auto, (max-width: 1920px) 100vw, 1920px\" \/><\/figure>\n<\/div>\n\n\n\n<div class=\"wp-block-column bs-contact-right-column is-layout-flow wp-block-column-is-layout-flow\">\n<div class=\"wp-block-bonasoft-modular-breadcrumbs-block\"><div class=\"bs_add_breadcrumb_trail\"><\/div><\/div>\n\n\n\n<hr class=\"wp-block-separator has-text-color has-black-color has-css-opacity has-black-background-color has-background is-style-wide bs-border-kontakt\"\/>\n\n\n<h1 style=\"font-style:normal;font-weight:700;\" class=\"bs-naglowek-podstrony wp-block-post-title\">Mapa Strony<\/h1>\n\n<ul class=\"wp-block-page-list\"><li class=\"wp-block-pages-list__item has-child\"><a class=\"wp-block-pages-list__item__link\" href=\"https:\/\/zaklad.biotechnologii.medycznej.uwr.edu.pl\/pl\/aktualnosci\/\">Aktualno\u015bci<\/a><ul class=\"wp-block-navigation__submenu-container\"><li class=\"wp-block-pages-list__item \"><a class=\"wp-block-pages-list__item__link\" href=\"https:\/\/zaklad.biotechnologii.medycznej.uwr.edu.pl\/pl\/aktualnosci\/galeria\/\">Galeria<\/a><\/li><li class=\"wp-block-pages-list__item \"><a class=\"wp-block-pages-list__item__link\" href=\"https:\/\/zaklad.biotechnologii.medycznej.uwr.edu.pl\/pl\/aktualnosci\/wideo\/\">Wideo<\/a><\/li><\/ul><\/li><li class=\"wp-block-pages-list__item\"><a class=\"wp-block-pages-list__item__link\" href=\"https:\/\/zaklad.biotechnologii.medycznej.uwr.edu.pl\/pl\/badania-prowadzone-w-zakladzie-biotechnologii-medycznej\/\">Badania prowadzone w Zak\u0142adzie Biotechnologii Medycznej<\/a><\/li><li class=\"wp-block-pages-list__item\"><a class=\"wp-block-pages-list__item__link\" href=\"https:\/\/zaklad.biotechnologii.medycznej.uwr.edu.pl\/pl\/mapa-strony\/\">Mapa Strony<\/a><\/li><li class=\"wp-block-pages-list__item\"><a class=\"wp-block-pages-list__item__link\" href=\"https:\/\/zaklad.biotechnologii.medycznej.uwr.edu.pl\/pl\/projekty-badawcze-prowadzone-w-zakladzie-biotechnologii-medycznej\/\">Projekty badawcze prowadzone w Zak\u0142adzie Biotechnologii Medycznej<\/a><\/li><li class=\"wp-block-pages-list__item\"><a class=\"wp-block-pages-list__item__link\" href=\"https:\/\/zaklad.biotechnologii.medycznej.uwr.edu.pl\/pl\/publikacje-pracownikow-zakladu-biotechnologii-medycznej\/\">Publikacje pracownik\u00f3w Zak\u0142adu Biotechnologii Medycznej<\/a><\/li><li class=\"wp-block-pages-list__item has-child menu-item-home\"><a class=\"wp-block-pages-list__item__link\" href=\"https:\/\/zaklad.biotechnologii.medycznej.uwr.edu.pl\/pl\/\">Strona G\u0142\u00f3wna<\/a><ul class=\"wp-block-navigation__submenu-container\"><li class=\"wp-block-pages-list__item \"><a class=\"wp-block-pages-list__item__link\" href=\"https:\/\/zaklad.biotechnologii.medycznej.uwr.edu.pl\/pl\/strona-glowna2-2\/kontakt\/\">Kontakt<\/a><\/li><\/ul><\/li><li class=\"wp-block-pages-list__item\"><a class=\"wp-block-pages-list__item__link\" href=\"https:\/\/zaklad.biotechnologii.medycznej.uwr.edu.pl\/pl\/zespol-zakladu-biotechnologii-medycznej\/\">Zesp\u00f3\u0142 Zak\u0142adu Biotechnologii Medycznej<\/a><\/li><\/ul><\/div>\n<\/div>\n\n\n\n<div class=\"wp-block-ugb-container ugb-container bs-news-page-under ugb-f8694ce ugb-container--v2 ugb-container--design-plain ugb-main-block\"><div class=\"ugb-inner-block\"><div class=\"ugb-block-content\"><div class=\"ugb-container__wrapper ugb-f8694ce-wrapper\"><div class=\"ugb-container__side\"><div class=\"ugb-container__content-wrapper ugb-f8694ce-content-wrapper\">\n<p><\/p>\n<\/div><\/div><\/div><\/div><\/div><\/div>\n<\/div><\/div><\/div><\/div><\/div><\/div>\n","protected":false},"excerpt":{"rendered":"","protected":false},"author":20,"featured_media":0,"parent":0,"menu_order":0,"comment_status":"closed","ping_status":"closed","template":"","meta":{"_acf_changed":false,"inline_featured_image":false,"site-sidebar-layout":"default","site-content-layout":"","ast-site-content-layout":"default","site-content-style":"default","site-sidebar-style":"default","ast-global-header-display":"","ast-banner-title-visibility":"","ast-main-header-display":"","ast-hfb-above-header-display":"","ast-hfb-below-header-display":"","ast-hfb-mobile-header-display":"","site-post-title":"","ast-breadcrumbs-content":"","ast-featured-img":"","footer-sml-layout":"","ast-disable-related-posts":"","theme-transparent-header-meta":"","adv-header-id-meta":"","stick-header-meta":"","header-above-stick-meta":"","header-main-stick-meta":"","header-below-stick-meta":"","astra-migrate-meta-layouts":"set","ast-page-background-enabled":"default","ast-page-background-meta":{"desktop":{"background-color":"","background-image":"","background-repeat":"repeat","background-position":"center center","background-size":"auto","background-attachment":"scroll","background-type":"","background-media":"","overlay-type":"","overlay-color":"","overlay-opacity":"","overlay-gradient":""},"tablet":{"background-color":"","background-image":"","background-repeat":"repeat","background-position":"center center","background-size":"auto","background-attachment":"scroll","background-type":"","background-media":"","overlay-type":"","overlay-color":"","overlay-opacity":"","overlay-gradient":""},"mobile":{"background-color":"","background-image":"","background-repeat":"repeat","background-position":"center center","background-size":"auto","background-attachment":"scroll","background-type":"","background-media":"","overlay-type":"","overlay-color":"","overlay-opacity":"","overlay-gradient":""}},"ast-content-background-meta":{"desktop":{"background-color":"var(--ast-global-color-5)","background-image":"","background-repeat":"repeat","background-position":"center center","background-size":"auto","background-attachment":"scroll","background-type":"","background-media":"","overlay-type":"","overlay-color":"","overlay-opacity":"","overlay-gradient":""},"tablet":{"background-color":"var(--ast-global-color-5)","background-image":"","background-repeat":"repeat","background-position":"center center","background-size":"auto","background-attachment":"scroll","background-type":"","background-media":"","overlay-type":"","overlay-color":"","overlay-opacity":"","overlay-gradient":""},"mobile":{"background-color":"var(--ast-global-color-5)","background-image":"","background-repeat":"repeat","background-position":"center center","background-size":"auto","background-attachment":"scroll","background-type":"","background-media":"","overlay-type":"","overlay-color":"","overlay-opacity":"","overlay-gradient":""}},"footnotes":""},"categories":[],"tags":[],"class_list":["post-22133","page","type-page","status-publish","hentry"],"featured_image_urls_v2":{"full":"","thumbnail":"","medium":"","medium_large":"","large":"","1536x1536":"","2048x2048":"","menu-24x24":"","menu-36x36":"","menu-48x48":""},"post_excerpt_stackable_v2":"<p>Mapa Strony Aktualno\u015bciGaleriaWideoBadania prowadzone w Zak\u0142adzie Biotechnologii MedycznejMapa StronyProjekty badawcze prowadzone w Zak\u0142adzie Biotechnologii MedycznejPublikacje pracownik\u00f3w Zak\u0142adu Biotechnologii MedycznejStrona G\u0142\u00f3wnaKontaktZesp\u00f3\u0142 Zak\u0142adu Biotechnologii Medycznej<\/p>\n","category_list_v2":"Bez kategorii","author_info_v2":{"name":"mmatlinski","url":"https:\/\/zaklad.biotechnologii.medycznej.uwr.edu.pl\/pl\/author\/mmatlinski\/"},"comments_num_v2":"0 comments","acf":[],"yoast_head":"<!-- This site is optimized with the Yoast SEO plugin v27.1.1 - https:\/\/yoast.com\/product\/yoast-seo-wordpress\/ -->\n<title>Mapa Strony - Zak\u0142ad Biotechnologii Medycznej<\/title>\n<meta name=\"robots\" content=\"index, follow, max-snippet:-1, max-image-preview:large, max-video-preview:-1\" \/>\n<link rel=\"canonical\" href=\"https:\/\/zaklad.biotechnologii.medycznej.uwr.edu.pl\/mapa-strony\/\" \/>\n<meta property=\"og:locale\" content=\"pl_PL\" \/>\n<meta property=\"og:type\" content=\"article\" \/>\n<meta property=\"og:title\" content=\"Mapa Strony - Zak\u0142ad Biotechnologii Medycznej\" \/>\n<meta property=\"og:url\" content=\"https:\/\/zaklad.biotechnologii.medycznej.uwr.edu.pl\/mapa-strony\/\" \/>\n<meta property=\"og:site_name\" content=\"Zak\u0142ad Biotechnologii Medycznej\" \/>\n<meta property=\"article:modified_time\" content=\"2024-05-28T09:06:25+00:00\" \/>\n<meta property=\"og:image\" content=\"https:\/\/zakladbiotechnologiimedycznej.uwr.edu.pl\/wp-content\/uploads\/sites\/653\/2024\/05\/roadmap.png\" \/>\n<meta name=\"twitter:card\" content=\"summary_large_image\" \/>\n<meta name=\"twitter:label1\" content=\"Szacowany czas czytania\" \/>\n\t<meta name=\"twitter:data1\" content=\"1 minuta\" \/>\n<script type=\"application\/ld+json\" class=\"yoast-schema-graph\">{\"@context\":\"https:\/\/schema.org\",\"@graph\":[{\"@type\":\"WebPage\",\"@id\":\"https:\/\/zaklad.biotechnologii.medycznej.uwr.edu.pl\/mapa-strony\/\",\"url\":\"https:\/\/zaklad.biotechnologii.medycznej.uwr.edu.pl\/mapa-strony\/\",\"name\":\"Mapa Strony - Zak\u0142ad Biotechnologii Medycznej\",\"isPartOf\":{\"@id\":\"https:\/\/zaklad.biotechnologii.medycznej.uwr.edu.pl\/#website\"},\"primaryImageOfPage\":{\"@id\":\"https:\/\/zaklad.biotechnologii.medycznej.uwr.edu.pl\/mapa-strony\/#primaryimage\"},\"image\":{\"@id\":\"https:\/\/zaklad.biotechnologii.medycznej.uwr.edu.pl\/mapa-strony\/#primaryimage\"},\"thumbnailUrl\":\"https:\/\/zaklad.biotechnologii.medycznej.uwr.edu.pl\/wp-content\/uploads\/sites\/653\/2024\/05\/roadmap.png\",\"datePublished\":\"2022-03-30T09:39:51+00:00\",\"dateModified\":\"2024-05-28T09:06:25+00:00\",\"breadcrumb\":{\"@id\":\"https:\/\/zaklad.biotechnologii.medycznej.uwr.edu.pl\/mapa-strony\/#breadcrumb\"},\"inLanguage\":\"pl-PL\",\"potentialAction\":[{\"@type\":\"ReadAction\",\"target\":[\"https:\/\/zaklad.biotechnologii.medycznej.uwr.edu.pl\/mapa-strony\/\"]}]},{\"@type\":\"ImageObject\",\"inLanguage\":\"pl-PL\",\"@id\":\"https:\/\/zaklad.biotechnologii.medycznej.uwr.edu.pl\/mapa-strony\/#primaryimage\",\"url\":\"https:\/\/zaklad.biotechnologii.medycznej.uwr.edu.pl\/wp-content\/uploads\/sites\/653\/2024\/05\/roadmap.png\",\"contentUrl\":\"https:\/\/zaklad.biotechnologii.medycznej.uwr.edu.pl\/wp-content\/uploads\/sites\/653\/2024\/05\/roadmap.png\"},{\"@type\":\"BreadcrumbList\",\"@id\":\"https:\/\/zaklad.biotechnologii.medycznej.uwr.edu.pl\/mapa-strony\/#breadcrumb\",\"itemListElement\":[{\"@type\":\"ListItem\",\"position\":1,\"name\":\"Strona g\u0142\u00f3wna\",\"item\":\"https:\/\/zaklad.biotechnologii.medycznej.uwr.edu.pl\/pl\/\"},{\"@type\":\"ListItem\",\"position\":2,\"name\":\"Mapa Strony\"}]},{\"@type\":\"WebSite\",\"@id\":\"https:\/\/zaklad.biotechnologii.medycznej.uwr.edu.pl\/#website\",\"url\":\"https:\/\/zaklad.biotechnologii.medycznej.uwr.edu.pl\/\",\"name\":\"Zak\u0142ad Biotechnologii Medycznej\",\"description\":\"Kolejna witryna sieci \u201eUWR Witryny\u201d\",\"publisher\":{\"@id\":\"https:\/\/zaklad.biotechnologii.medycznej.uwr.edu.pl\/#organization\"},\"potentialAction\":[{\"@type\":\"SearchAction\",\"target\":{\"@type\":\"EntryPoint\",\"urlTemplate\":\"https:\/\/zaklad.biotechnologii.medycznej.uwr.edu.pl\/?s={search_term_string}\"},\"query-input\":{\"@type\":\"PropertyValueSpecification\",\"valueRequired\":true,\"valueName\":\"search_term_string\"}}],\"inLanguage\":\"pl-PL\"},{\"@type\":\"Organization\",\"@id\":\"https:\/\/zaklad.biotechnologii.medycznej.uwr.edu.pl\/#organization\",\"name\":\"Zak\u0142ad Biotechnologii Medycznej\",\"url\":\"https:\/\/zaklad.biotechnologii.medycznej.uwr.edu.pl\/\",\"logo\":{\"@type\":\"ImageObject\",\"inLanguage\":\"pl-PL\",\"@id\":\"https:\/\/zaklad.biotechnologii.medycznej.uwr.edu.pl\/#\/schema\/logo\/image\/\",\"url\":\"https:\/\/zaklad.biotechnologii.medycznej.uwr.edu.pl\/wp-content\/uploads\/sites\/653\/2025\/10\/UWr-logotyp-2025.png\",\"contentUrl\":\"https:\/\/zaklad.biotechnologii.medycznej.uwr.edu.pl\/wp-content\/uploads\/sites\/653\/2025\/10\/UWr-logotyp-2025.png\",\"width\":2302,\"height\":269,\"caption\":\"Zak\u0142ad Biotechnologii Medycznej\"},\"image\":{\"@id\":\"https:\/\/zaklad.biotechnologii.medycznej.uwr.edu.pl\/#\/schema\/logo\/image\/\"}}]}<\/script>\n<!-- \/ Yoast SEO plugin. -->","yoast_head_json":{"title":"Mapa Strony - Zak\u0142ad Biotechnologii Medycznej","robots":{"index":"index","follow":"follow","max-snippet":"max-snippet:-1","max-image-preview":"max-image-preview:large","max-video-preview":"max-video-preview:-1"},"canonical":"https:\/\/zaklad.biotechnologii.medycznej.uwr.edu.pl\/mapa-strony\/","og_locale":"pl_PL","og_type":"article","og_title":"Mapa Strony - Zak\u0142ad Biotechnologii Medycznej","og_url":"https:\/\/zaklad.biotechnologii.medycznej.uwr.edu.pl\/mapa-strony\/","og_site_name":"Zak\u0142ad Biotechnologii Medycznej","article_modified_time":"2024-05-28T09:06:25+00:00","og_image":[{"url":"https:\/\/zakladbiotechnologiimedycznej.uwr.edu.pl\/wp-content\/uploads\/sites\/653\/2024\/05\/roadmap.png","type":"","width":"","height":""}],"twitter_card":"summary_large_image","twitter_misc":{"Szacowany czas czytania":"1 minuta"},"schema":{"@context":"https:\/\/schema.org","@graph":[{"@type":"WebPage","@id":"https:\/\/zaklad.biotechnologii.medycznej.uwr.edu.pl\/mapa-strony\/","url":"https:\/\/zaklad.biotechnologii.medycznej.uwr.edu.pl\/mapa-strony\/","name":"Mapa Strony - Zak\u0142ad Biotechnologii Medycznej","isPartOf":{"@id":"https:\/\/zaklad.biotechnologii.medycznej.uwr.edu.pl\/#website"},"primaryImageOfPage":{"@id":"https:\/\/zaklad.biotechnologii.medycznej.uwr.edu.pl\/mapa-strony\/#primaryimage"},"image":{"@id":"https:\/\/zaklad.biotechnologii.medycznej.uwr.edu.pl\/mapa-strony\/#primaryimage"},"thumbnailUrl":"https:\/\/zaklad.biotechnologii.medycznej.uwr.edu.pl\/wp-content\/uploads\/sites\/653\/2024\/05\/roadmap.png","datePublished":"2022-03-30T09:39:51+00:00","dateModified":"2024-05-28T09:06:25+00:00","breadcrumb":{"@id":"https:\/\/zaklad.biotechnologii.medycznej.uwr.edu.pl\/mapa-strony\/#breadcrumb"},"inLanguage":"pl-PL","potentialAction":[{"@type":"ReadAction","target":["https:\/\/zaklad.biotechnologii.medycznej.uwr.edu.pl\/mapa-strony\/"]}]},{"@type":"ImageObject","inLanguage":"pl-PL","@id":"https:\/\/zaklad.biotechnologii.medycznej.uwr.edu.pl\/mapa-strony\/#primaryimage","url":"https:\/\/zaklad.biotechnologii.medycznej.uwr.edu.pl\/wp-content\/uploads\/sites\/653\/2024\/05\/roadmap.png","contentUrl":"https:\/\/zaklad.biotechnologii.medycznej.uwr.edu.pl\/wp-content\/uploads\/sites\/653\/2024\/05\/roadmap.png"},{"@type":"BreadcrumbList","@id":"https:\/\/zaklad.biotechnologii.medycznej.uwr.edu.pl\/mapa-strony\/#breadcrumb","itemListElement":[{"@type":"ListItem","position":1,"name":"Strona g\u0142\u00f3wna","item":"https:\/\/zaklad.biotechnologii.medycznej.uwr.edu.pl\/pl\/"},{"@type":"ListItem","position":2,"name":"Mapa Strony"}]},{"@type":"WebSite","@id":"https:\/\/zaklad.biotechnologii.medycznej.uwr.edu.pl\/#website","url":"https:\/\/zaklad.biotechnologii.medycznej.uwr.edu.pl\/","name":"Zak\u0142ad Biotechnologii Medycznej","description":"Kolejna witryna sieci \u201eUWR Witryny\u201d","publisher":{"@id":"https:\/\/zaklad.biotechnologii.medycznej.uwr.edu.pl\/#organization"},"potentialAction":[{"@type":"SearchAction","target":{"@type":"EntryPoint","urlTemplate":"https:\/\/zaklad.biotechnologii.medycznej.uwr.edu.pl\/?s={search_term_string}"},"query-input":{"@type":"PropertyValueSpecification","valueRequired":true,"valueName":"search_term_string"}}],"inLanguage":"pl-PL"},{"@type":"Organization","@id":"https:\/\/zaklad.biotechnologii.medycznej.uwr.edu.pl\/#organization","name":"Zak\u0142ad Biotechnologii Medycznej","url":"https:\/\/zaklad.biotechnologii.medycznej.uwr.edu.pl\/","logo":{"@type":"ImageObject","inLanguage":"pl-PL","@id":"https:\/\/zaklad.biotechnologii.medycznej.uwr.edu.pl\/#\/schema\/logo\/image\/","url":"https:\/\/zaklad.biotechnologii.medycznej.uwr.edu.pl\/wp-content\/uploads\/sites\/653\/2025\/10\/UWr-logotyp-2025.png","contentUrl":"https:\/\/zaklad.biotechnologii.medycznej.uwr.edu.pl\/wp-content\/uploads\/sites\/653\/2025\/10\/UWr-logotyp-2025.png","width":2302,"height":269,"caption":"Zak\u0142ad Biotechnologii Medycznej"},"image":{"@id":"https:\/\/zaklad.biotechnologii.medycznej.uwr.edu.pl\/#\/schema\/logo\/image\/"}}]}},"publishpress_future_action":{"enabled":false,"date":"2026-04-13 12:26:40","action":"change-status","newStatus":"draft","terms":[],"taxonomy":"category","extraData":[]},"publishpress_future_workflow_manual_trigger":{"enabledWorkflows":[]},"_links":{"self":[{"href":"https:\/\/zaklad.biotechnologii.medycznej.uwr.edu.pl\/pl\/wp-json\/wp\/v2\/pages\/22133\/"}],"collection":[{"href":"https:\/\/zaklad.biotechnologii.medycznej.uwr.edu.pl\/pl\/wp-json\/wp\/v2\/pages\/"}],"about":[{"href":"https:\/\/zaklad.biotechnologii.medycznej.uwr.edu.pl\/pl\/wp-json\/wp\/v2\/types\/page\/"}],"author":[{"embeddable":true,"href":"https:\/\/zaklad.biotechnologii.medycznej.uwr.edu.pl\/pl\/wp-json\/wp\/v2\/users\/20\/"}],"replies":[{"embeddable":true,"href":"https:\/\/zaklad.biotechnologii.medycznej.uwr.edu.pl\/pl\/wp-json\/wp\/v2\/comments\/?post=22133"}],"version-history":[{"count":2,"href":"https:\/\/zaklad.biotechnologii.medycznej.uwr.edu.pl\/pl\/wp-json\/wp\/v2\/pages\/22133\/revisions\/"}],"predecessor-version":[{"id":24019,"href":"https:\/\/zaklad.biotechnologii.medycznej.uwr.edu.pl\/pl\/wp-json\/wp\/v2\/pages\/22133\/revisions\/24019\/"}],"wp:attachment":[{"href":"https:\/\/zaklad.biotechnologii.medycznej.uwr.edu.pl\/pl\/wp-json\/wp\/v2\/media\/?parent=22133"}],"wp:term":[{"taxonomy":"category","embeddable":true,"href":"https:\/\/zaklad.biotechnologii.medycznej.uwr.edu.pl\/pl\/wp-json\/wp\/v2\/categories\/?post=22133"},{"taxonomy":"post_tag","embeddable":true,"href":"https:\/\/zaklad.biotechnologii.medycznej.uwr.edu.pl\/pl\/wp-json\/wp\/v2\/tags\/?post=22133"}],"curies":[{"name":"wp","href":"https:\/\/api.w.org\/{rel}","templated":true}]}}