{"id":781,"date":"2021-04-26T08:43:05","date_gmt":"2021-04-26T06:43:05","guid":{"rendered":"https:\/\/zaklad.biotechnologii.medycznej.uwr.edu.pl\/?page_id=781"},"modified":"2021-04-26T08:43:05","modified_gmt":"2021-04-26T06:43:05","slug":"wideo","status":"publish","type":"page","link":"https:\/\/zaklad.biotechnologii.medycznej.uwr.edu.pl\/pl\/aktualnosci\/wideo\/","title":{"rendered":"Wideo"},"content":{"rendered":"\n<p>Definicja strony wydarze\u0144 znajduje si\u0119 w pliku szablonu video-template.php.<\/p>\n","protected":false},"excerpt":{"rendered":"<p>Definicja strony wydarze\u0144 znajduje si\u0119 w pliku szablonu video-template.php.<\/p>\n","protected":false},"author":20,"featured_media":0,"parent":21313,"menu_order":0,"comment_status":"closed","ping_status":"closed","template":"video-template.php","meta":{"_acf_changed":false,"inline_featured_image":false,"site-sidebar-layout":"default","site-content-layout":"default","ast-site-content-layout":"default","site-content-style":"default","site-sidebar-style":"default","ast-global-header-display":"","ast-banner-title-visibility":"","ast-main-header-display":"","ast-hfb-above-header-display":"","ast-hfb-below-header-display":"","ast-hfb-mobile-header-display":"","site-post-title":"","ast-breadcrumbs-content":"","ast-featured-img":"","footer-sml-layout":"","ast-disable-related-posts":"","theme-transparent-header-meta":"default","adv-header-id-meta":"","stick-header-meta":"","header-above-stick-meta":"","header-main-stick-meta":"","header-below-stick-meta":"","astra-migrate-meta-layouts":"default","ast-page-background-enabled":"default","ast-page-background-meta":{"desktop":{"background-color":"","background-image":"","background-repeat":"repeat","background-position":"center center","background-size":"auto","background-attachment":"scroll","background-type":"","background-media":"","overlay-type":"","overlay-color":"","overlay-opacity":"","overlay-gradient":""},"tablet":{"background-color":"","background-image":"","background-repeat":"repeat","background-position":"center center","background-size":"auto","background-attachment":"scroll","background-type":"","background-media":"","overlay-type":"","overlay-color":"","overlay-opacity":"","overlay-gradient":""},"mobile":{"background-color":"","background-image":"","background-repeat":"repeat","background-position":"center center","background-size":"auto","background-attachment":"scroll","background-type":"","background-media":"","overlay-type":"","overlay-color":"","overlay-opacity":"","overlay-gradient":""}},"ast-content-background-meta":{"desktop":{"background-color":"var(--ast-global-color-5)","background-image":"","background-repeat":"repeat","background-position":"center center","background-size":"auto","background-attachment":"scroll","background-type":"","background-media":"","overlay-type":"","overlay-color":"","overlay-opacity":"","overlay-gradient":""},"tablet":{"background-color":"var(--ast-global-color-5)","background-image":"","background-repeat":"repeat","background-position":"center center","background-size":"auto","background-attachment":"scroll","background-type":"","background-media":"","overlay-type":"","overlay-color":"","overlay-opacity":"","overlay-gradient":""},"mobile":{"background-color":"var(--ast-global-color-5)","background-image":"","background-repeat":"repeat","background-position":"center center","background-size":"auto","background-attachment":"scroll","background-type":"","background-media":"","overlay-type":"","overlay-color":"","overlay-opacity":"","overlay-gradient":""}},"footnotes":""},"categories":[],"tags":[],"class_list":["post-781","page","type-page","status-publish","hentry"],"featured_image_urls_v2":{"full":"","thumbnail":"","medium":"","medium_large":"","large":"","1536x1536":"","2048x2048":"","menu-24x24":"","menu-36x36":"","menu-48x48":""},"post_excerpt_stackable_v2":"<p>Definicja strony wydarze\u0144 znajduje si\u0119 w pliku szablonu video-template.php.<\/p>\n","category_list_v2":"Bez kategorii","author_info_v2":{"name":"mmatlinski","url":"https:\/\/zaklad.biotechnologii.medycznej.uwr.edu.pl\/pl\/author\/mmatlinski\/"},"comments_num_v2":"0 comments","acf":[],"yoast_head":"<!-- This site is optimized with the Yoast SEO plugin v27.1.1 - https:\/\/yoast.com\/product\/yoast-seo-wordpress\/ -->\n<title>Wideo - Zak\u0142ad Biotechnologii Medycznej<\/title>\n<meta name=\"robots\" content=\"index, follow, max-snippet:-1, max-image-preview:large, max-video-preview:-1\" \/>\n<link rel=\"canonical\" href=\"https:\/\/zaklad.biotechnologii.medycznej.uwr.edu.pl\/aktualnosci\/wideo\/\" \/>\n<meta property=\"og:locale\" content=\"pl_PL\" \/>\n<meta property=\"og:type\" content=\"article\" \/>\n<meta property=\"og:title\" content=\"Wideo - Zak\u0142ad Biotechnologii Medycznej\" \/>\n<meta property=\"og:description\" content=\"Definicja strony wydarze\u0144 znajduje si\u0119 w pliku szablonu video-template.php.\" \/>\n<meta property=\"og:url\" content=\"https:\/\/zaklad.biotechnologii.medycznej.uwr.edu.pl\/aktualnosci\/wideo\/\" \/>\n<meta property=\"og:site_name\" content=\"Zak\u0142ad Biotechnologii Medycznej\" \/>\n<meta name=\"twitter:card\" content=\"summary_large_image\" \/>\n<meta name=\"twitter:label1\" content=\"Szacowany czas czytania\" \/>\n\t<meta name=\"twitter:data1\" content=\"1 minuta\" \/>\n<script type=\"application\/ld+json\" class=\"yoast-schema-graph\">{\"@context\":\"https:\/\/schema.org\",\"@graph\":[{\"@type\":\"WebPage\",\"@id\":\"https:\/\/zaklad.biotechnologii.medycznej.uwr.edu.pl\/aktualnosci\/wideo\/\",\"url\":\"https:\/\/zaklad.biotechnologii.medycznej.uwr.edu.pl\/aktualnosci\/wideo\/\",\"name\":\"Wideo - Zak\u0142ad Biotechnologii Medycznej\",\"isPartOf\":{\"@id\":\"https:\/\/zaklad.biotechnologii.medycznej.uwr.edu.pl\/#website\"},\"datePublished\":\"2021-04-26T06:43:05+00:00\",\"breadcrumb\":{\"@id\":\"https:\/\/zaklad.biotechnologii.medycznej.uwr.edu.pl\/aktualnosci\/wideo\/#breadcrumb\"},\"inLanguage\":\"pl-PL\",\"potentialAction\":[{\"@type\":\"ReadAction\",\"target\":[\"https:\/\/zaklad.biotechnologii.medycznej.uwr.edu.pl\/aktualnosci\/wideo\/\"]}]},{\"@type\":\"BreadcrumbList\",\"@id\":\"https:\/\/zaklad.biotechnologii.medycznej.uwr.edu.pl\/aktualnosci\/wideo\/#breadcrumb\",\"itemListElement\":[{\"@type\":\"ListItem\",\"position\":1,\"name\":\"Strona g\u0142\u00f3wna\",\"item\":\"https:\/\/zaklad.biotechnologii.medycznej.uwr.edu.pl\/pl\/\"},{\"@type\":\"ListItem\",\"position\":2,\"name\":\"Aktualno\u015bci\",\"item\":\"https:\/\/zaklad.biotechnologii.medycznej.uwr.edu.pl\/aktualnosci\/\"},{\"@type\":\"ListItem\",\"position\":3,\"name\":\"Wideo\"}]},{\"@type\":\"WebSite\",\"@id\":\"https:\/\/zaklad.biotechnologii.medycznej.uwr.edu.pl\/#website\",\"url\":\"https:\/\/zaklad.biotechnologii.medycznej.uwr.edu.pl\/\",\"name\":\"Zak\u0142ad Biotechnologii Medycznej\",\"description\":\"Kolejna witryna sieci \u201eUWR Witryny\u201d\",\"publisher\":{\"@id\":\"https:\/\/zaklad.biotechnologii.medycznej.uwr.edu.pl\/#organization\"},\"potentialAction\":[{\"@type\":\"SearchAction\",\"target\":{\"@type\":\"EntryPoint\",\"urlTemplate\":\"https:\/\/zaklad.biotechnologii.medycznej.uwr.edu.pl\/?s={search_term_string}\"},\"query-input\":{\"@type\":\"PropertyValueSpecification\",\"valueRequired\":true,\"valueName\":\"search_term_string\"}}],\"inLanguage\":\"pl-PL\"},{\"@type\":\"Organization\",\"@id\":\"https:\/\/zaklad.biotechnologii.medycznej.uwr.edu.pl\/#organization\",\"name\":\"Zak\u0142ad Biotechnologii Medycznej\",\"url\":\"https:\/\/zaklad.biotechnologii.medycznej.uwr.edu.pl\/\",\"logo\":{\"@type\":\"ImageObject\",\"inLanguage\":\"pl-PL\",\"@id\":\"https:\/\/zaklad.biotechnologii.medycznej.uwr.edu.pl\/#\/schema\/logo\/image\/\",\"url\":\"https:\/\/zaklad.biotechnologii.medycznej.uwr.edu.pl\/wp-content\/uploads\/sites\/653\/2025\/10\/UWr-logotyp-2025.png\",\"contentUrl\":\"https:\/\/zaklad.biotechnologii.medycznej.uwr.edu.pl\/wp-content\/uploads\/sites\/653\/2025\/10\/UWr-logotyp-2025.png\",\"width\":2302,\"height\":269,\"caption\":\"Zak\u0142ad Biotechnologii Medycznej\"},\"image\":{\"@id\":\"https:\/\/zaklad.biotechnologii.medycznej.uwr.edu.pl\/#\/schema\/logo\/image\/\"}}]}<\/script>\n<!-- \/ Yoast SEO plugin. -->","yoast_head_json":{"title":"Wideo - Zak\u0142ad Biotechnologii Medycznej","robots":{"index":"index","follow":"follow","max-snippet":"max-snippet:-1","max-image-preview":"max-image-preview:large","max-video-preview":"max-video-preview:-1"},"canonical":"https:\/\/zaklad.biotechnologii.medycznej.uwr.edu.pl\/aktualnosci\/wideo\/","og_locale":"pl_PL","og_type":"article","og_title":"Wideo - Zak\u0142ad Biotechnologii Medycznej","og_description":"Definicja strony wydarze\u0144 znajduje si\u0119 w pliku szablonu video-template.php.","og_url":"https:\/\/zaklad.biotechnologii.medycznej.uwr.edu.pl\/aktualnosci\/wideo\/","og_site_name":"Zak\u0142ad Biotechnologii Medycznej","twitter_card":"summary_large_image","twitter_misc":{"Szacowany czas czytania":"1 minuta"},"schema":{"@context":"https:\/\/schema.org","@graph":[{"@type":"WebPage","@id":"https:\/\/zaklad.biotechnologii.medycznej.uwr.edu.pl\/aktualnosci\/wideo\/","url":"https:\/\/zaklad.biotechnologii.medycznej.uwr.edu.pl\/aktualnosci\/wideo\/","name":"Wideo - Zak\u0142ad Biotechnologii Medycznej","isPartOf":{"@id":"https:\/\/zaklad.biotechnologii.medycznej.uwr.edu.pl\/#website"},"datePublished":"2021-04-26T06:43:05+00:00","breadcrumb":{"@id":"https:\/\/zaklad.biotechnologii.medycznej.uwr.edu.pl\/aktualnosci\/wideo\/#breadcrumb"},"inLanguage":"pl-PL","potentialAction":[{"@type":"ReadAction","target":["https:\/\/zaklad.biotechnologii.medycznej.uwr.edu.pl\/aktualnosci\/wideo\/"]}]},{"@type":"BreadcrumbList","@id":"https:\/\/zaklad.biotechnologii.medycznej.uwr.edu.pl\/aktualnosci\/wideo\/#breadcrumb","itemListElement":[{"@type":"ListItem","position":1,"name":"Strona g\u0142\u00f3wna","item":"https:\/\/zaklad.biotechnologii.medycznej.uwr.edu.pl\/pl\/"},{"@type":"ListItem","position":2,"name":"Aktualno\u015bci","item":"https:\/\/zaklad.biotechnologii.medycznej.uwr.edu.pl\/aktualnosci\/"},{"@type":"ListItem","position":3,"name":"Wideo"}]},{"@type":"WebSite","@id":"https:\/\/zaklad.biotechnologii.medycznej.uwr.edu.pl\/#website","url":"https:\/\/zaklad.biotechnologii.medycznej.uwr.edu.pl\/","name":"Zak\u0142ad Biotechnologii Medycznej","description":"Kolejna witryna sieci \u201eUWR Witryny\u201d","publisher":{"@id":"https:\/\/zaklad.biotechnologii.medycznej.uwr.edu.pl\/#organization"},"potentialAction":[{"@type":"SearchAction","target":{"@type":"EntryPoint","urlTemplate":"https:\/\/zaklad.biotechnologii.medycznej.uwr.edu.pl\/?s={search_term_string}"},"query-input":{"@type":"PropertyValueSpecification","valueRequired":true,"valueName":"search_term_string"}}],"inLanguage":"pl-PL"},{"@type":"Organization","@id":"https:\/\/zaklad.biotechnologii.medycznej.uwr.edu.pl\/#organization","name":"Zak\u0142ad Biotechnologii Medycznej","url":"https:\/\/zaklad.biotechnologii.medycznej.uwr.edu.pl\/","logo":{"@type":"ImageObject","inLanguage":"pl-PL","@id":"https:\/\/zaklad.biotechnologii.medycznej.uwr.edu.pl\/#\/schema\/logo\/image\/","url":"https:\/\/zaklad.biotechnologii.medycznej.uwr.edu.pl\/wp-content\/uploads\/sites\/653\/2025\/10\/UWr-logotyp-2025.png","contentUrl":"https:\/\/zaklad.biotechnologii.medycznej.uwr.edu.pl\/wp-content\/uploads\/sites\/653\/2025\/10\/UWr-logotyp-2025.png","width":2302,"height":269,"caption":"Zak\u0142ad Biotechnologii Medycznej"},"image":{"@id":"https:\/\/zaklad.biotechnologii.medycznej.uwr.edu.pl\/#\/schema\/logo\/image\/"}}]}},"publishpress_future_action":{"enabled":false,"date":"2026-04-13 14:58:53","action":"change-status","newStatus":"draft","terms":[],"taxonomy":"category","extraData":[]},"publishpress_future_workflow_manual_trigger":{"enabledWorkflows":[]},"_links":{"self":[{"href":"https:\/\/zaklad.biotechnologii.medycznej.uwr.edu.pl\/pl\/wp-json\/wp\/v2\/pages\/781\/"}],"collection":[{"href":"https:\/\/zaklad.biotechnologii.medycznej.uwr.edu.pl\/pl\/wp-json\/wp\/v2\/pages\/"}],"about":[{"href":"https:\/\/zaklad.biotechnologii.medycznej.uwr.edu.pl\/pl\/wp-json\/wp\/v2\/types\/page\/"}],"author":[{"embeddable":true,"href":"https:\/\/zaklad.biotechnologii.medycznej.uwr.edu.pl\/pl\/wp-json\/wp\/v2\/users\/20\/"}],"replies":[{"embeddable":true,"href":"https:\/\/zaklad.biotechnologii.medycznej.uwr.edu.pl\/pl\/wp-json\/wp\/v2\/comments\/?post=781"}],"version-history":[{"count":0,"href":"https:\/\/zaklad.biotechnologii.medycznej.uwr.edu.pl\/pl\/wp-json\/wp\/v2\/pages\/781\/revisions\/"}],"up":[{"embeddable":true,"href":"https:\/\/zaklad.biotechnologii.medycznej.uwr.edu.pl\/pl\/wp-json\/wp\/v2\/pages\/21313\/"}],"wp:attachment":[{"href":"https:\/\/zaklad.biotechnologii.medycznej.uwr.edu.pl\/pl\/wp-json\/wp\/v2\/media\/?parent=781"}],"wp:term":[{"taxonomy":"category","embeddable":true,"href":"https:\/\/zaklad.biotechnologii.medycznej.uwr.edu.pl\/pl\/wp-json\/wp\/v2\/categories\/?post=781"},{"taxonomy":"post_tag","embeddable":true,"href":"https:\/\/zaklad.biotechnologii.medycznej.uwr.edu.pl\/pl\/wp-json\/wp\/v2\/tags\/?post=781"}],"curies":[{"name":"wp","href":"https:\/\/api.w.org\/{rel}","templated":true}]}}